{"id":4624,"date":"2019-12-01T16:52:55","date_gmt":"2019-12-01T14:52:55","guid":{"rendered":"http:\/\/olofarmini.com\/?page_id=4624"},"modified":"2019-12-01T17:49:38","modified_gmt":"2019-12-01T15:49:38","slug":"la-pared-november-2019","status":"publish","type":"page","link":"https:\/\/olofarmini.com\/?page_id=4624","title":{"rendered":"La Pared november 2019"},"content":{"rendered":"<p>H\u00e4r ett utkast p\u00e5 behandlade taxa utifr\u00e5n mina observationer. Inte helt konsekvent men tillsammans med bloggen ger det \u00e4nd\u00e5 en uppfattning, hoppas jag.<\/p>\n<p>Under en vecka hamnar antal taxa p\u00e5 drygt 50 och dagsturer drygt h\u00e4lften av det.<\/p>\n<p>Man ser utifr\u00e5n detta att bes\u00f6k p\u00e5 strandlokaler f\u00f6r vadare( se Lanzarote) h\u00f6jer antalet, liksom tillg\u00e5ngen p\u00e5 havsf\u00e5glar (feb\/mars &#8211; sep\/okt), s\u00e4kert ocks\u00e5 tillg\u00e5ng till bil.<\/p>\n<p>\u00d6kenplat\u00e5n i La Pared \u00e4r sn\u00e5l p\u00e5 taxa, men de som finns \u00e4r tunga, \u00d6kentrapp, \u00d6kenl\u00f6pare, Svartbukig flygh\u00f6na, Berberfalk&#8230;<\/p>\n<p>Kompletteras av Barranchon med endemer som \u00a0Kanarisk Buskskv\u00e4tta, Kanariesiska, Kanarisk Grans\u00e5ngare, Koboltmes och en del rariteter som ultimata Tajgas\u00e5ngare och Sibirisk Pipl\u00e4rka.<\/p>\n<p>Vid r\u00e4tt tid och vindar \u00e4r havet fyllt av havsf\u00e5glar. Men midvinter (nov-jan) \u00e4r den stora m\u00e4ngden l\u00e5ngt s\u00f6der-och v\u00e4sterut och d\u00e5 \u00e4r det inte s\u00e5 lockande att spana i timtal efter n\u00e5got udda.<\/p>\n<p>H\u00e5ll till godo!<\/p>\n<p><a href=\"http:\/\/olofarmini.com\/wp-content\/uploads\/2019\/12\/La-Pared-2019-nov.pdf\">La Pared 2019 nov<\/a><\/p>\n<p>&nbsp;<\/p>\n","protected":false},"excerpt":{"rendered":"<p>H\u00e4r ett utkast p\u00e5 behandlade taxa utifr\u00e5n mina observationer. Inte helt konsekvent men tillsammans med bloggen ger det \u00e4nd\u00e5 en uppfattning, hoppas jag. Under en vecka hamnar antal taxa p\u00e5 drygt 50 och dagsturer drygt h\u00e4lften av det. Man ser utifr\u00e5n detta att bes\u00f6k p\u00e5 strandlokaler f\u00f6r vadare( se Lanzarote) h\u00f6jer antalet, liksom tillg\u00e5ngen p\u00e5 [&hellip;]<\/p>\n","protected":false},"author":1,"featured_media":0,"parent":0,"menu_order":0,"comment_status":"closed","ping_status":"closed","template":"","meta":{"jetpack_post_was_ever_published":false,"footnotes":""},"class_list":["post-4624","page","type-page","status-publish","hentry"],"jetpack_sharing_enabled":true,"jetpack_shortlink":"https:\/\/wp.me\/P7kiwE-1cA","jetpack-related-posts":[],"_links":{"self":[{"href":"https:\/\/olofarmini.com\/index.php?rest_route=\/wp\/v2\/pages\/4624","targetHints":{"allow":["GET"]}}],"collection":[{"href":"https:\/\/olofarmini.com\/index.php?rest_route=\/wp\/v2\/pages"}],"about":[{"href":"https:\/\/olofarmini.com\/index.php?rest_route=\/wp\/v2\/types\/page"}],"author":[{"embeddable":true,"href":"https:\/\/olofarmini.com\/index.php?rest_route=\/wp\/v2\/users\/1"}],"replies":[{"embeddable":true,"href":"https:\/\/olofarmini.com\/index.php?rest_route=%2Fwp%2Fv2%2Fcomments&post=4624"}],"version-history":[{"count":3,"href":"https:\/\/olofarmini.com\/index.php?rest_route=\/wp\/v2\/pages\/4624\/revisions"}],"predecessor-version":[{"id":4628,"href":"https:\/\/olofarmini.com\/index.php?rest_route=\/wp\/v2\/pages\/4624\/revisions\/4628"}],"wp:attachment":[{"href":"https:\/\/olofarmini.com\/index.php?rest_route=%2Fwp%2Fv2%2Fmedia&parent=4624"}],"curies":[{"name":"wp","href":"https:\/\/api.w.org\/{rel}","templated":true}]}}